{"id":579,"date":"2026-04-17T23:13:38","date_gmt":"2026-04-17T23:13:38","guid":{"rendered":"https:\/\/almaz-gmbh.com\/?page_id=579"},"modified":"2026-04-17T23:13:38","modified_gmt":"2026-04-17T23:13:38","slug":"cookie-richtlinie","status":"publish","type":"page","link":"https:\/\/almaz-gmbh.com\/index.php\/cookie-richtlinie\/","title":{"rendered":"Cookie-Richtlinie"},"content":{"rendered":"\n<h3 class=\"wp-block-heading\">Cookie-Richtlinie<\/h3>\n\n\n\n<h3 class=\"wp-block-heading\">1. Allgemeine Informationen<\/h3>\n\n\n\n<p>Die Website von <strong>Almaz GmbH<\/strong> verwendet Cookies, um die Funktionalit\u00e4t sicherzustellen, die Benutzerfreundlichkeit zu verbessern und die Nutzung der Website zu analysieren.<\/p>\n\n\n\n<p>Cookies sind kleine Textdateien, die auf Ihrem Ger\u00e4t gespeichert werden, wenn Sie unsere Website besuchen.<\/p>\n\n\n\n<hr class=\"wp-block-separator has-alpha-channel-opacity\"\/>\n\n\n\n<h3 class=\"wp-block-heading\">2. Arten von Cookies<\/h3>\n\n\n\n<p><strong>Notwendige Cookies<\/strong><br>Diese Cookies sind f\u00fcr den Betrieb der Website unbedingt erforderlich und k\u00f6nnen nicht deaktiviert werden.<br>Sie erm\u00f6glichen insbesondere:<br>\u00b7 die Nutzung des Warenkorbs<br>\u00b7 die Sicherheit der Website<br>\u00b7 den Bestellprozess<\/p>\n\n\n\n<hr class=\"wp-block-separator has-alpha-channel-opacity\"\/>\n\n\n\n<p><strong>Funktionale Cookies<\/strong><br>Diese Cookies verbessern die Nutzung der Website:<br>\u00b7 Speicherung von Einstellungen<br>\u00b7 Sprachauswahl<br>\u00b7 Benutzerpr\u00e4ferenzen<\/p>\n\n\n\n<hr class=\"wp-block-separator has-alpha-channel-opacity\"\/>\n\n\n\n<p><strong>Analyse-Cookies<\/strong><br>Diese Cookies helfen uns, die Nutzung der Website zu analysieren und kontinuierlich zu verbessern.<\/p>\n\n\n\n<hr class=\"wp-block-separator has-alpha-channel-opacity\"\/>\n\n\n\n<h3 class=\"wp-block-heading\">3. Verwaltung von Cookies<\/h3>\n\n\n\n<p>Beim ersten Besuch der Website k\u00f6nnen Sie \u00fcber ein Cookie-Banner Ihre Einstellungen festlegen.<\/p>\n\n\n\n<p>Sie haben jederzeit die M\u00f6glichkeit, Ihre Einwilligung zu \u00e4ndern oder zu widerrufen.<\/p>\n\n\n\n<p>Die Deaktivierung bestimmter Cookies kann die Funktionalit\u00e4t der Website einschr\u00e4nken.<\/p>\n\n\n\n<hr class=\"wp-block-separator has-alpha-channel-opacity\"\/>\n\n\n\n<h3 class=\"wp-block-heading\">4. Cookies von Drittanbietern<\/h3>\n\n\n\n<p>Einige Cookies werden von Drittanbietern gesetzt, insbesondere:<br>\u00b7 Zahlungsdienstleister<br>\u00b7 technische Dienstleister<br>\u00b7 Analyse-Tools<\/p>\n\n\n\n<p>Diese unterliegen den Datenschutzbestimmungen der jeweiligen Anbieter.<\/p>\n\n\n\n<hr class=\"wp-block-separator has-alpha-channel-opacity\"\/>\n\n\n\n<h3 class=\"wp-block-heading\">5. Speicherdauer<\/h3>\n\n\n\n<p>Cookies werden nur so lange gespeichert, wie es f\u00fcr den jeweiligen Zweck erforderlich ist oder gesetzliche Aufbewahrungsfristen bestehen.<\/p>\n\n\n\n<hr class=\"wp-block-separator has-alpha-channel-opacity\"\/>\n\n\n\n<h3 class=\"wp-block-heading\">6. Kontakt<\/h3>\n\n\n\n<p><strong>Almaz GmbH<\/strong><br>Siezenheimer Stra\u00dfe 35<br>5020 Salzburg<br>\u00d6sterreich<\/p>\n\n\n\n<p>E-Mail: <a>info@almazgmbh.at<\/a><br>Telefon: +43 678 70418178<\/p>\n","protected":false},"excerpt":{"rendered":"<p>Cookie-Richtlinie 1. Allgemeine Informationen Die Website von Almaz GmbH verwendet Cookies, um die Funktionalit\u00e4t sicherzustellen, die Benutzerfreundlichkeit zu verbessern und die Nutzung der Website zu analysieren. Cookies sind kleine Textdateien, die auf Ihrem Ger\u00e4t gespeichert werden, wenn Sie unsere Website besuchen. 2. Arten von Cookies Notwendige CookiesDiese Cookies sind f\u00fcr den Betrieb der Website unbedingt [&hellip;]<\/p>\n","protected":false},"author":1,"featured_media":0,"parent":0,"menu_order":0,"comment_status":"closed","ping_status":"closed","template":"","meta":{"footnotes":""},"class_list":["post-579","page","type-page","status-publish","hentry"],"blocksy_meta":{"page_structure_type":"type-3","has_hero_section":"disabled","styles_descriptor":{"styles":{"desktop":"","tablet":"","mobile":""},"google_fonts":[],"version":6}},"_links":{"self":[{"href":"https:\/\/almaz-gmbh.com\/index.php\/wp-json\/wp\/v2\/pages\/579","targetHints":{"allow":["GET"]}}],"collection":[{"href":"https:\/\/almaz-gmbh.com\/index.php\/wp-json\/wp\/v2\/pages"}],"about":[{"href":"https:\/\/almaz-gmbh.com\/index.php\/wp-json\/wp\/v2\/types\/page"}],"author":[{"embeddable":true,"href":"https:\/\/almaz-gmbh.com\/index.php\/wp-json\/wp\/v2\/users\/1"}],"replies":[{"embeddable":true,"href":"https:\/\/almaz-gmbh.com\/index.php\/wp-json\/wp\/v2\/comments?post=579"}],"version-history":[{"count":1,"href":"https:\/\/almaz-gmbh.com\/index.php\/wp-json\/wp\/v2\/pages\/579\/revisions"}],"predecessor-version":[{"id":586,"href":"https:\/\/almaz-gmbh.com\/index.php\/wp-json\/wp\/v2\/pages\/579\/revisions\/586"}],"wp:attachment":[{"href":"https:\/\/almaz-gmbh.com\/index.php\/wp-json\/wp\/v2\/media?parent=579"}],"curies":[{"name":"wp","href":"https:\/\/api.w.org\/{rel}","templated":true}]}}