{"id":578,"date":"2026-04-17T23:12:27","date_gmt":"2026-04-17T23:12:27","guid":{"rendered":"https:\/\/almaz-gmbh.com\/?page_id=578"},"modified":"2026-04-17T23:12:27","modified_gmt":"2026-04-17T23:12:27","slug":"widerrufsbelehrung","status":"publish","type":"page","link":"https:\/\/almaz-gmbh.com\/index.php\/widerrufsbelehrung\/","title":{"rendered":"Widerrufsbelehrung"},"content":{"rendered":"\n<h3 class=\"wp-block-heading\">Widerrufsbelehrung<\/h3>\n\n\n\n<h3 class=\"wp-block-heading\">1. Widerrufsrecht<\/h3>\n\n\n\n<p>Sie haben das Recht, binnen <strong>14 Tagen<\/strong> ohne Angabe von Gr\u00fcnden diesen Vertrag zu widerrufen.<\/p>\n\n\n\n<p>Die Widerrufsfrist betr\u00e4gt 14 Tage ab dem Tag, an dem Sie oder ein von Ihnen benannter Dritter (der nicht der Bef\u00f6rderer ist) die Waren in Besitz genommen haben.<\/p>\n\n\n\n<hr class=\"wp-block-separator has-alpha-channel-opacity\"\/>\n\n\n\n<h3 class=\"wp-block-heading\">2. Aus\u00fcbung des Widerrufsrechts<\/h3>\n\n\n\n<p>Um Ihr Widerrufsrecht auszu\u00fcben, m\u00fcssen Sie uns mittels einer eindeutigen Erkl\u00e4rung (z. B. per E-Mail oder Post) \u00fcber Ihren Entschluss informieren.<\/p>\n\n\n\n<hr class=\"wp-block-separator has-alpha-channel-opacity\"\/>\n\n\n\n<h3 class=\"wp-block-heading\">3. Kontakt<\/h3>\n\n\n\n<p><strong>Almaz GmbH<\/strong><br>Siezenheimer Stra\u00dfe 35<br>5020 Salzburg<br>\u00d6sterreich<\/p>\n\n\n\n<p>Telefon: +43 678 70418178<br>E-Mail: <a>info@almazgmbh.at<\/a><\/p>\n\n\n\n<hr class=\"wp-block-separator has-alpha-channel-opacity\"\/>\n\n\n\n<h3 class=\"wp-block-heading\">4. Folgen des Widerrufs<\/h3>\n\n\n\n<p>Wenn Sie diesen Vertrag widerrufen, erstatten wir Ihnen alle Zahlungen, einschlie\u00dflich der Standardlieferkosten, unverz\u00fcglich und sp\u00e4testens innerhalb von <strong>14 Tagen<\/strong> ab Eingang Ihrer Widerrufserkl\u00e4rung.<\/p>\n\n\n\n<p>F\u00fcr die R\u00fcckzahlung verwenden wir dasselbe Zahlungsmittel, das Sie bei der urspr\u00fcnglichen Transaktion eingesetzt haben, sofern nichts anderes vereinbart wurde.<\/p>\n\n\n\n<p>Wir k\u00f6nnen die R\u00fcckzahlung verweigern, bis wir die Waren zur\u00fcckerhalten haben oder bis Sie den Nachweis erbracht haben, dass Sie die Waren zur\u00fcckgesendet haben.<\/p>\n\n\n\n<hr class=\"wp-block-separator has-alpha-channel-opacity\"\/>\n\n\n\n<h3 class=\"wp-block-heading\">5. R\u00fccksendung der Waren<\/h3>\n\n\n\n<p>Sie haben die Waren unverz\u00fcglich und sp\u00e4testens innerhalb von <strong>14 Tagen nach Widerruf<\/strong> an uns zur\u00fcckzusenden.<\/p>\n\n\n\n<hr class=\"wp-block-separator has-alpha-channel-opacity\"\/>\n\n\n\n<h3 class=\"wp-block-heading\">6. R\u00fccksendekosten<\/h3>\n\n\n\n<p>Die unmittelbaren Kosten der R\u00fccksendung tragen Sie.<\/p>\n\n\n\n<hr class=\"wp-block-separator has-alpha-channel-opacity\"\/>\n\n\n\n<h3 class=\"wp-block-heading\">7. Zustand der Waren<\/h3>\n\n\n\n<p>Sie m\u00fcssen f\u00fcr einen etwaigen Wertverlust nur aufkommen, wenn dieser auf einen nicht notwendigen Umgang mit der Ware zur\u00fcckzuf\u00fchren ist.<\/p>\n\n\n\n<hr class=\"wp-block-separator has-alpha-channel-opacity\"\/>\n\n\n\n<h3 class=\"wp-block-heading\">8. R\u00fccksendeadresse<\/h3>\n\n\n\n<p><strong>Almaz GmbH<\/strong><br>Siezenheimer Stra\u00dfe 35<br>5020 Salzburg<br>\u00d6sterreich<\/p>\n","protected":false},"excerpt":{"rendered":"<p>Widerrufsbelehrung 1. Widerrufsrecht Sie haben das Recht, binnen 14 Tagen ohne Angabe von Gr\u00fcnden diesen Vertrag zu widerrufen. Die Widerrufsfrist betr\u00e4gt 14 Tage ab dem Tag, an dem Sie oder ein von Ihnen benannter Dritter (der nicht der Bef\u00f6rderer ist) die Waren in Besitz genommen haben. 2. Aus\u00fcbung des Widerrufsrechts Um Ihr Widerrufsrecht auszu\u00fcben, m\u00fcssen [&hellip;]<\/p>\n","protected":false},"author":1,"featured_media":0,"parent":0,"menu_order":0,"comment_status":"closed","ping_status":"closed","template":"","meta":{"footnotes":""},"class_list":["post-578","page","type-page","status-publish","hentry"],"blocksy_meta":{"page_structure_type":"type-3","styles_descriptor":{"styles":{"desktop":"","tablet":"","mobile":""},"google_fonts":[],"version":6}},"_links":{"self":[{"href":"https:\/\/almaz-gmbh.com\/index.php\/wp-json\/wp\/v2\/pages\/578","targetHints":{"allow":["GET"]}}],"collection":[{"href":"https:\/\/almaz-gmbh.com\/index.php\/wp-json\/wp\/v2\/pages"}],"about":[{"href":"https:\/\/almaz-gmbh.com\/index.php\/wp-json\/wp\/v2\/types\/page"}],"author":[{"embeddable":true,"href":"https:\/\/almaz-gmbh.com\/index.php\/wp-json\/wp\/v2\/users\/1"}],"replies":[{"embeddable":true,"href":"https:\/\/almaz-gmbh.com\/index.php\/wp-json\/wp\/v2\/comments?post=578"}],"version-history":[{"count":1,"href":"https:\/\/almaz-gmbh.com\/index.php\/wp-json\/wp\/v2\/pages\/578\/revisions"}],"predecessor-version":[{"id":585,"href":"https:\/\/almaz-gmbh.com\/index.php\/wp-json\/wp\/v2\/pages\/578\/revisions\/585"}],"wp:attachment":[{"href":"https:\/\/almaz-gmbh.com\/index.php\/wp-json\/wp\/v2\/media?parent=578"}],"curies":[{"name":"wp","href":"https:\/\/api.w.org\/{rel}","templated":true}]}}